{"id":132,"date":"2023-01-23T22:35:49","date_gmt":"2023-01-23T22:35:49","guid":{"rendered":"https:\/\/sgv-koeln.de\/?page_id=132"},"modified":"2024-10-05T10:42:02","modified_gmt":"2024-10-05T10:42:02","slug":"hallo-beim-sgv","status":"publish","type":"page","link":"https:\/\/sgv-koeln.de\/?page_id=132","title":{"rendered":"Hallo beim SGV"},"content":{"rendered":"\n<p>Bei uns kannst du Mixed-Volleyball an jedem Freitag ab 19:45 Uhr auf Verbandsliga &#8211; Niveau spielen, denn wir sind seit vielen Jahren in der zweith\u00f6chsten Spielklasse des BFS Mixed Rheinland beheimatet.<\/p>\n\n\n\n<p>Das Spiel funktioniert nat\u00fctlich nur, wenn der Spa\u00df nicht zu kurz kommt, auf dem Platz, und daneben. <br>Das Kaltgetr\u00e4nk danach ist quasi Pflicht und Freude zugleich, die Sause nach den Spielen ohnegleichen und die j\u00e4hrliche Mannschaftsfahrt nach Holland un\u00fcbertroffen!<\/p>\n\n\n<style>.wp-block-kadence-advancedheading.kt-adv-heading132_dc7135-30, .wp-block-kadence-advancedheading.kt-adv-heading132_dc7135-30[data-kb-block=\"kb-adv-heading132_dc7135-30\"]{font-style:normal;}.wp-block-kadence-advancedheading.kt-adv-heading132_dc7135-30 mark.kt-highlight, .wp-block-kadence-advancedheading.kt-adv-heading132_dc7135-30[data-kb-block=\"kb-adv-heading132_dc7135-30\"] mark.kt-highlight{font-style:normal;color:#f76a0c;-webkit-box-decoration-break:clone;box-decoration-break:clone;padding-top:0px;padding-right:0px;padding-bottom:0px;padding-left:0px;}.wp-block-kadence-advancedheading.kt-adv-heading132_dc7135-30 img.kb-inline-image, .wp-block-kadence-advancedheading.kt-adv-heading132_dc7135-30[data-kb-block=\"kb-adv-heading132_dc7135-30\"] img.kb-inline-image{width:150px;vertical-align:baseline;}<\/style>\n<h2 class=\"kt-adv-heading132_dc7135-30 wp-block-kadence-advancedheading\" data-kb-block=\"kb-adv-heading132_dc7135-30\">Highlights<\/h2>\n\n\n\n<p>Das Sommerfest, das Weihnachtsessen, ein bischen Karneval feiern, Fu\u00dfball schauen (wenn man mag), 50 Jahre Jubil\u00e4umsfeier, es gibt immer einige Mannschaftsaktivit\u00e4ten zum mit machen und genie\u00dfen.<\/p>\n\n\n<style>.wp-block-kadence-advancedheading.kt-adv-heading132_1d2859-16, .wp-block-kadence-advancedheading.kt-adv-heading132_1d2859-16[data-kb-block=\"kb-adv-heading132_1d2859-16\"]{font-style:normal;}.wp-block-kadence-advancedheading.kt-adv-heading132_1d2859-16 mark.kt-highlight, .wp-block-kadence-advancedheading.kt-adv-heading132_1d2859-16[data-kb-block=\"kb-adv-heading132_1d2859-16\"] mark.kt-highlight{font-style:normal;color:#f76a0c;-webkit-box-decoration-break:clone;box-decoration-break:clone;padding-top:0px;padding-right:0px;padding-bottom:0px;padding-left:0px;}.wp-block-kadence-advancedheading.kt-adv-heading132_1d2859-16 img.kb-inline-image, .wp-block-kadence-advancedheading.kt-adv-heading132_1d2859-16[data-kb-block=\"kb-adv-heading132_1d2859-16\"] img.kb-inline-image{width:150px;vertical-align:baseline;}<\/style>\n<h3 class=\"kt-adv-heading132_1d2859-16 wp-block-kadence-advancedheading\" data-kb-block=\"kb-adv-heading132_1d2859-16\">Neugierig?<\/h3>\n\n\n\n<p>Wenn du dich angesprochen f\u00fchlst, komm gerne vorbei, kurze Ank\u00fcndigung \u00fcber unser Kontaktformular, und schon kann es losgehen.<\/p>\n\n\n<style>.wp-block-kadence-advancedheading.kt-adv-heading132_cecd89-71, .wp-block-kadence-advancedheading.kt-adv-heading132_cecd89-71[data-kb-block=\"kb-adv-heading132_cecd89-71\"]{font-style:normal;}.wp-block-kadence-advancedheading.kt-adv-heading132_cecd89-71 mark.kt-highlight, .wp-block-kadence-advancedheading.kt-adv-heading132_cecd89-71[data-kb-block=\"kb-adv-heading132_cecd89-71\"] mark.kt-highlight{font-style:normal;color:#f76a0c;-webkit-box-decoration-break:clone;box-decoration-break:clone;padding-top:0px;padding-right:0px;padding-bottom:0px;padding-left:0px;}.wp-block-kadence-advancedheading.kt-adv-heading132_cecd89-71 img.kb-inline-image, .wp-block-kadence-advancedheading.kt-adv-heading132_cecd89-71[data-kb-block=\"kb-adv-heading132_cecd89-71\"] img.kb-inline-image{width:150px;vertical-align:baseline;}<\/style>\n<h4 class=\"kt-adv-heading132_cecd89-71 wp-block-kadence-advancedheading\" data-kb-block=\"kb-adv-heading132_cecd89-71\">Unsere Halle<\/h4>\n\n\n\n<p>Wir spielen in der sch\u00f6nen K\u00f6lner S\u00fcdstadt, nahe der Severinsbr\u00fccke, in der Halle der LVR-Severin-Schule, Weberstr. 29-31, 50676 K\u00f6ln. Treffen an der Halle, Freitags um 19:45 Uhr.<\/p>\n\n\n\n<p>D\u00e4 l\u00e4ngste Desch vun K\u00f6lle ist direkt um\u2019s Eck, und auch beim Warmmachen f\u00e4llt so mancher k\u00f6lsche Ton aus der Musikanlage. Tats\u00e4chlich habe ich noch nicht davon geh\u00f6rt, dass beim SGV mal ein geb\u00fcrtiger D\u00fcsseldorfer gespielt hat \ud83d\ude09<img decoding=\"async\" style=\"width: 1px;\" src=\"https:\/\/s.w.org\/images\/core\/emoji\/14.0.0\/svg\/1f609.svg\" alt=\"?\"><\/p>\n\n\n\n<p>Mixed-Verbandsliga-Tabelle<\/p>\n\n\n\n<p>Unsere aktuelle Tabellenplazierung und Spielergebnisse der Saison 2024\/2025 in der Verbandsliga \u2013 Hobby Mixed sind unter diesem Link aufgef\u00fchrt: <a href=\"https:\/\/bfs-rheinlandvolley.de\/76\" target=\"_blank\" rel=\"noopener nofollow\" title=\"\">Verbandsliga<\/a><br>Die Seite \u00f6ffnet sich in einem neuem Fenster.<\/p>\n\n\n\n<p><\/p>\n","protected":false},"excerpt":{"rendered":"<p>Bei uns kannst du Mixed-Volleyball an jedem Freitag ab 19:45 Uhr auf Verbandsliga &#8211; Niveau spielen, denn wir sind seit vielen Jahren in der zweith\u00f6chsten [&hellip;]<\/p>\n","protected":false},"author":1,"featured_media":0,"parent":182,"menu_order":0,"comment_status":"closed","ping_status":"closed","template":"","meta":{"footnotes":""},"class_list":["post-132","page","type-page","status-publish","hentry"],"aioseo_notices":[],"_links":{"self":[{"href":"https:\/\/sgv-koeln.de\/index.php?rest_route=\/wp\/v2\/pages\/132","targetHints":{"allow":["GET"]}}],"collection":[{"href":"https:\/\/sgv-koeln.de\/index.php?rest_route=\/wp\/v2\/pages"}],"about":[{"href":"https:\/\/sgv-koeln.de\/index.php?rest_route=\/wp\/v2\/types\/page"}],"author":[{"embeddable":true,"href":"https:\/\/sgv-koeln.de\/index.php?rest_route=\/wp\/v2\/users\/1"}],"replies":[{"embeddable":true,"href":"https:\/\/sgv-koeln.de\/index.php?rest_route=%2Fwp%2Fv2%2Fcomments&post=132"}],"version-history":[{"count":12,"href":"https:\/\/sgv-koeln.de\/index.php?rest_route=\/wp\/v2\/pages\/132\/revisions"}],"predecessor-version":[{"id":274,"href":"https:\/\/sgv-koeln.de\/index.php?rest_route=\/wp\/v2\/pages\/132\/revisions\/274"}],"up":[{"embeddable":true,"href":"https:\/\/sgv-koeln.de\/index.php?rest_route=\/wp\/v2\/pages\/182"}],"wp:attachment":[{"href":"https:\/\/sgv-koeln.de\/index.php?rest_route=%2Fwp%2Fv2%2Fmedia&parent=132"}],"curies":[{"name":"wp","href":"https:\/\/api.w.org\/{rel}","templated":true}]}}