{"id":135,"date":"2023-01-23T22:35:49","date_gmt":"2023-01-23T22:35:49","guid":{"rendered":"https:\/\/sgv-koeln.de\/?page_id=135"},"modified":"2024-10-05T10:33:01","modified_gmt":"2024-10-05T10:33:01","slug":"impressum","status":"publish","type":"page","link":"https:\/\/sgv-koeln.de\/?page_id=135","title":{"rendered":"Impressum"},"content":{"rendered":"\n<p><strong>Angaben gem\u00e4\u00df \u00a7 5 TMG:<\/strong><\/p>\n\n\n\n<p>Sportgemeinschaft Volleyball von 1969 K\u00f6ln e.V.<br>\u00c4gidiusstr. 5<br>50937 K\u00f6ln<\/p>\n\n\n\n<p>Telefon (+49) 0221 9415561<br>e-Mail: kontakt (at) sgv-koeln.de<br>Homepage: <a href=\"https:\/\/abc-koeln-ev.de\/\">www.sgv-koeln.de<\/a><\/p>\n\n\n\n<p><strong>Vertretungsberechtigter Vorstand:<\/strong><br>Michael Wolf \u2013 Pr\u00e4sident<br>Ralf Gr\u00fcmer \u2013 Vizepr\u00e4sident<\/p>\n\n\n\n<p><strong>Registereintrag:<\/strong><br>Registergericht: Amtsgericht K\u00f6ln<br>Registernummer: Nr. 12941 im Vereinsregister des Amtsgerichts K\u00f6ln<\/p>\n\n\n\n<p><strong>Umsatzsteuer-Identifikationsnummer gem\u00e4\u00df \u00a7 27 a Umsatzsteuergesetz:<\/strong><br>DE 219\/5891\/2599<\/p>\n\n\n\n<p><strong>Verantwortlich f\u00fcr den Inhalt:<\/strong><br>Oliver Gr\u00e4ff-Mazalla<br>Siebengebirgsallee 177<br>50939 K\u00f6ln<br>e-Mail: olli-sgv(at)email.de<\/p>\n\n\n\n<p><strong>Technische Umsetzung und Pflege<br><\/strong>Managed WordPress<\/p>\n\n\n\n<p>der<\/p>\n\n\n\n<p>1&amp;1 Mail &amp; Media GmbH<br>Zweigniederlassung Karlsruhe<\/p>\n\n\n\n<p>Brauerstr. 48<br>76135 Karlsruhe<br>Deutschland<\/p>\n\n\n\n<p>Gesch\u00e4ftsf\u00fchrer:<br>Alexander Charles, Ralf Hartings, Thomas Ludwig, Jan Oetje<\/p>\n\n\n\n<p>Hauptsitz Montabaur<br>Amtsgericht Montabaur<br>HRB 7666<br>UST-Id. DE243413002<\/p>\n\n\n\n<p>E-Mail:&nbsp;info@web.de<br>Telefon: +49 721 960 97 40 (Bitte beachten Sie: Unter dieser Telefonnummer k\u00f6nnen wir keinen Kundenservice anbieten. Informationen sowie Kontaktm\u00f6glichkeiten finden Sie im <a href=\"https:\/\/mein.web.de\/\" target=\"_blank\" rel=\"noreferrer noopener\">Kundencenter<\/a>).<\/p>\n\n\n\n<p><strong>Screen-Design<\/strong><br>Oliver Gr\u00e4ff-Mazalla<br>Siebengebirgsallee 177<br>50939 K\u00f6ln<\/p>\n\n\n\n<p>Alle Seiten werden regelm\u00e4\u00dfig auf nicht funktionierende Verweise gepr\u00fcft. Sollte es dennoch vorkommen, dass ein externes Angebot nicht mehr vorhanden oder funktionsunt\u00fcchtig ist oder dass ein interner Verweis zu einem Fehler f\u00fchrt, sind wir f\u00fcr einen entsprechenden Hinweis per Mail dankbar.<\/p>\n\n\n\n<p><strong>Nutzerbedingungen<\/strong><br>Mit dem Zugriff auf die Internetseiten der\u00a0Sportgemeinschaft Volleyball von 1969 K\u00f6ln e.V. erkl\u00e4ren Sie Ihr Einverst\u00e4ndnis mit den nachstehenden Nutzungsbedingungen.<\/p>\n\n\n\n<p>Die auf diesen Seiten enthaltenen Daten d\u00fcrfen ohne vorherige schriftliche Genehmigung durch die\u00a0Sportgemeinschaft Volleyball von 1969 K\u00f6ln e.V.  in keiner Form weder ganz noch teilweise vervielf\u00e4ltigt, weitergegeben, verbreitet oder gespeichert werden.<\/p>\n\n\n\n<p>Die auf diesen Seiten verwendeten Graphiken, Abbildungen und Fotographien sind Eigentum der\u00a0Sportgemeinschaft Volleyball von 1969 K\u00f6ln e.V. oder des jeweiligen genannten Inhabers. Die\u00a0Sportgemeinschaft Volleyball von 1969 K\u00f6ln e.V.  \u00fcbernimmt weder ausdr\u00fccklich noch stillschweigend eine Gew\u00e4hrleistung f\u00fcr die Richtigkeit oder Vollst\u00e4ndigkeit des Inhalts der Internetseiten der Sportgemeinschaft Volleyball von 1969 K\u00f6ln e.V., es sei denn, anwendbare Gesetze schreiben zwingend eine Haftung vor.<\/p>\n\n\n\n<h2 class=\"wp-block-heading\">Haftungsausschluss:<\/h2>\n\n\n\n<p><strong>Haftung f\u00fcr Links<\/strong><br>Unser Angebot enth\u00e4lt Links zu externen Webseiten Dritter, auf deren Inhalte wir keinen Einfluss haben. Deshalb k\u00f6nnen wir f\u00fcr diese fremden Inhalte auch keine Gew\u00e4hr \u00fcbernehmen. F\u00fcr die Inhalte der verlinkten Seiten ist stets der jeweilige Anbieter oder Betreiber der Seiten verantwortlich. Die verlinkten Seiten wurden zum Zeitpunkt der Verlinkung auf m\u00f6gliche Rechtsverst\u00f6\u00dfe \u00fcberpr\u00fcft. Rechtswidrige Inhalte waren zum Zeitpunkt der Verlinkung nicht erkennbar. Eine permanente inhaltliche Kontrolle der verlinkten Seiten ist jedoch ohne konkrete Anhaltspunkte einer Rechtsverletzung nicht zumutbar. Bei Bekanntwerden von Rechtsverletzungen werden wir derartige Links umgehend entfernen.<\/p>\n\n\n\n<p><strong>Haftung f\u00fcr Inhalte<\/strong><br>Die Inhalte unserer Seiten wurden mit gr\u00f6\u00dfter Sorgfalt erstellt. F\u00fcr die Richtigkeit, Vollst\u00e4ndigkeit und Aktualit\u00e4t der Inhalte k\u00f6nnen wir jedoch keine Gew\u00e4hr \u00fcbernehmen. Als Dienstanbieter sind wir gem\u00e4\u00df \u00a7 7 Abs.1 TMG f\u00fcr eigene Inhalte auf diesen Seiten nach den allgemeinen Gesetzen verantwortlich. Nach \u00a7\u00a7 8 bis 10 TMG sind wir als Dienstanbieter jedoch nicht verpflichtet, \u00fcbermittelte oder gespeicherte fremde Informationen zu \u00fcberwachen oder nach Umst\u00e4nden zu forschen, die auf eine rechtswidrige T\u00e4tigkeit hinweisen. Verpflichtungen zur Entfernung oder Sperrung der Nutzung von Informationen nach den allgemeinen Gesetzen bleiben hiervon unber\u00fchrt. Eine diesbez\u00fcgliche Haftung ist jedoch erst ab dem Zeitpunkt der Kenntnis einer konkreten Rechtsverletzung m\u00f6glich. Bei Bekanntwerden von entsprechenden Rechtsverletzungen werden wir diese Inhalte umgehend entfernen.<\/p>\n\n\n\n<p><strong>Urheberrecht<\/strong><br>Die durch die Seitenbetreiber erstellten Inhalte und Werke auf diesen Seiten unterliegen dem deutschen Urheberrecht. Die Vervielf\u00e4ltigung, Bearbeitung, Verbreitung und jede Art der Verwertung au\u00dferhalb der Grenzen des Urheberrechtes bed\u00fcrfen der schriftlichen Zustimmung des jeweiligen Autors bzw. Erstellers. Downloads und Kopien dieser Seite sind nur f\u00fcr den privaten, nicht kommerziellen Gebrauch gestattet. Soweit die Inhalte auf dieser Seite nicht vom Betreiber erstellt wurden, werden die Urheberrechte Dritter beachtet. Insbesondere werden Inhalte Dritter als solche gekennzeichnet. Sollten Sie trotzdem auf eine Urheberrechtsverletzung aufmerksam werden, bitten wir um einen entsprechenden Hinweis. Bei Bekanntwerden von Rechtsverletzungen werden wir derartige Inhalte umgehend entfernen.<\/p>\n\n\n\n<p><strong>Datenschutzerkl\u00e4rung<\/strong><\/p>\n\n\n\n<p><strong>Erhebung von Zugriffsdaten und Logfiles<\/strong><\/p>\n\n\n\n<p>Wir, bzw. unser Hostinganbieter, erhebt auf Grundlage unserer berechtigten Interessen im Sinne des Art. 6 Abs. 1 lit. f. DSGVO Daten \u00fcber jeden Zugriff auf den Server, auf dem sich dieser Dienst befindet (sogenannte Serverlogfiles). Zu den Zugriffsdaten geh\u00f6ren Name der abgerufenen Webseite, Datei, Datum und Uhrzeit des Abrufs, \u00fcbertragene Datenmenge, Meldung \u00fcber erfolgreichen Abruf, Browsertyp nebst Version, das Betriebssystem des Nutzers, Referrer URL (die zuvor besuchte Seite), IP-Adresse und der anfragende Provider.<br>Logfile-Informationen werden aus Sicherheitsgr\u00fcnden (z.B. zur Aufkl\u00e4rung von Missbrauchs- oder Betrugshandlungen) f\u00fcr die Dauer von maximal 7 Tagen gespeichert und danach gel\u00f6scht. Daten, deren weitere Aufbewahrung zu Beweiszwecken erforderlich ist, sind bis zur endg\u00fcltigen Kl\u00e4rung des jeweiligen Vorfalls von der L\u00f6schung ausgenommen.<\/p>\n\n\n\n<p><strong>Umgang mit personenbezogenen Daten<\/strong><\/p>\n\n\n\n<p>Personenbezogene Daten sind Informationen, mit deren Hilfe eine Person bestimmbar ist, also Angaben, die zur\u00fcck zu einer Person verfolgt werden k\u00f6nnen. Dazu geh\u00f6ren der Name, die Emailadresse oder die Telefonnummer. Aber auch Daten \u00fcber Vorlieben, Hobbies, Mitgliedschaften oder welche Webseiten von jemandem angesehen wurden z\u00e4hlen zu personenbezogenen Daten.<br>Personenbezogene Daten werden von dem Anbieter nur dann erhoben, genutzt und weiter gegeben, wenn dies gesetzlich erlaubt ist oder die Nutzer in die Datenerhebung einwilligen.<\/p>\n\n\n\n<p><strong>Kontaktaufnahme<\/strong><\/p>\n\n\n\n<p>Bei der Kontaktaufnahme mit uns (z.B. per Kontaktformular, E-Mail, Telefon ) werden die Angaben des Nutzers zur Bearbeitung der Kontaktanfrage und deren Abwicklung gem. Art. 6 Abs. 1 lit. b) DSGVO verarbeitet.<br>Wir l\u00f6schen die Anfragen, sofern diese nicht mehr erforderlich sind. Wir \u00fcberpr\u00fcfen die Erforderlichkeit alle zwei Jahre; Ferner gelten die gesetzlichen Archivierungspflichten.<\/p>\n\n\n\n<p><strong>Cookies<\/strong><\/p>\n\n\n\n<p>Cookies sind kleine Dateien, die es erm\u00f6glichen, auf dem Zugriffsger\u00e4t der Nutzer (PC, Smartphone o.\u00e4.) spezifische, auf das Ger\u00e4t bezogene Informationen zu speichern. Sie dienen zum einem der Benutzerfreundlichkeit von Webseiten und damit den Nutzern (z.B. Speicherung von Logindaten). Zum anderen dienen sie, um die statistische Daten der Webseitennutzung zu erfassen und sie zwecks Verbesserung des Angebotes analysieren zu k\u00f6nnen. Die Nutzer k\u00f6nnen auf den Einsatz der Cookies Einfluss nehmen. Die meisten Browser verf\u00fcgen eine Option mit der das Speichern von Cookies eingeschr\u00e4nkt oder komplett verhindert wird. Allerdings wird darauf hingewiesen, dass die Nutzung und insbesondere der Nutzungskomfort ohne Cookies eingeschr\u00e4nkt werden.<br>Sie k\u00f6nnen viele Online-Anzeigen-Cookies von Unternehmen \u00fcber die US-amerikanische Seite&nbsp;<a href=\"http:\/\/www.aboutads.info\/choices\/\" target=\"_blank\" rel=\"noreferrer noopener\">http:\/\/www.aboutads.info\/choices\/<\/a>&nbsp;oder die EU-Seite&nbsp;<a href=\"http:\/\/www.youronlinechoices.com\/uk\/your-ad-choices\/\" target=\"_blank\" rel=\"noreferrer noopener\">http:\/\/www.youronlinechoices.com\/uk\/your-ad-choices\/<\/a>verwalten.<\/p>\n\n\n\n<p><strong>Widerruf, \u00c4nderungen, Berichtigungen und Aktualisierungen<\/strong><\/p>\n\n\n\n<p>Der Nutzer hat das Recht, auf Antrag unentgeltlich Auskunft zu erhalten \u00fcber die personenbezogenen Daten, die \u00fcber ihn gespeichert wurden. Zus\u00e4tzlich hat der Nutzer das Recht auf Berichtigung unrichtiger Daten, Sperrung und L\u00f6schung seiner personenbezogenen Daten, soweit dem keine gesetzliche Aufbewahrungspflicht entgegensteht.<\/p>\n\n\n\n<p><strong>Datenschutz<\/strong><br>Die Nutzung unserer Webseite ist in der Regel ohne Angabe personenbezogener Daten m\u00f6glich. Soweit auf unseren Seiten personenbezogene Daten (beispielsweise Name, Anschrift oder eMail-Adressen) erhoben werden, erfolgt dies, soweit m\u00f6glich, stets auf freiwilliger Basis. Diese Daten werden ohne Ihre ausdr\u00fcckliche Zustimmung nicht an Dritte weitergegeben.<\/p>\n\n\n\n<p>Wir weisen darauf hin, dass die Daten\u00fcbertragung im Internet (z.B. bei der Kommunikation per E-Mail) Sicherheitsl\u00fccken aufweisen kann. Ein l\u00fcckenloser Schutz der Daten vor dem Zugriff durch Dritte ist nicht m\u00f6glich.<\/p>\n\n\n\n<p>Der Nutzung von im Rahmen der Impressumspflicht ver\u00f6ffentlichten Kontaktdaten durch Dritte zur \u00dcbersendung von nicht ausdr\u00fccklich angeforderter Werbung und Informationsmaterialien wird hiermit ausdr\u00fccklich widersprochen. Die Betreiber der Seiten behalten sich ausdr\u00fccklich rechtliche Schritte im Falle der unverlangten Zusendung von Werbeinformationen, etwa durch Spam-Mails, vor.<\/p>\n\n\n\n<p><a href=\"https:\/\/sgv-koeln.de\/wp-admin\/post.php?post=3&amp;action=edit\">Edit<\/a><\/p>\n","protected":false},"excerpt":{"rendered":"<p>Angaben gem\u00e4\u00df \u00a7 5 TMG: Sportgemeinschaft Volleyball von 1969 K\u00f6ln e.V.\u00c4gidiusstr. 550937 K\u00f6ln Telefon (+49) 0221 9415561e-Mail: kontakt (at) sgv-koeln.deHomepage: www.sgv-koeln.de Vertretungsberechtigter Vorstand:Michael Wolf \u2013 [&hellip;]<\/p>\n","protected":false},"author":1,"featured_media":0,"parent":182,"menu_order":0,"comment_status":"closed","ping_status":"closed","template":"","meta":{"footnotes":""},"class_list":["post-135","page","type-page","status-publish","hentry"],"aioseo_notices":[],"_links":{"self":[{"href":"https:\/\/sgv-koeln.de\/index.php?rest_route=\/wp\/v2\/pages\/135","targetHints":{"allow":["GET"]}}],"collection":[{"href":"https:\/\/sgv-koeln.de\/index.php?rest_route=\/wp\/v2\/pages"}],"about":[{"href":"https:\/\/sgv-koeln.de\/index.php?rest_route=\/wp\/v2\/types\/page"}],"author":[{"embeddable":true,"href":"https:\/\/sgv-koeln.de\/index.php?rest_route=\/wp\/v2\/users\/1"}],"replies":[{"embeddable":true,"href":"https:\/\/sgv-koeln.de\/index.php?rest_route=%2Fwp%2Fv2%2Fcomments&post=135"}],"version-history":[{"count":6,"href":"https:\/\/sgv-koeln.de\/index.php?rest_route=\/wp\/v2\/pages\/135\/revisions"}],"predecessor-version":[{"id":268,"href":"https:\/\/sgv-koeln.de\/index.php?rest_route=\/wp\/v2\/pages\/135\/revisions\/268"}],"up":[{"embeddable":true,"href":"https:\/\/sgv-koeln.de\/index.php?rest_route=\/wp\/v2\/pages\/182"}],"wp:attachment":[{"href":"https:\/\/sgv-koeln.de\/index.php?rest_route=%2Fwp%2Fv2%2Fmedia&parent=135"}],"curies":[{"name":"wp","href":"https:\/\/api.w.org\/{rel}","templated":true}]}}